{"id":366,"date":"2023-07-29T14:14:18","date_gmt":"2023-07-29T14:14:18","guid":{"rendered":"https:\/\/nakyssov.com\/?page_id=366"},"modified":"2026-01-17T21:56:31","modified_gmt":"2026-01-17T21:56:31","slug":"about","status":"publish","type":"page","link":"https:\/\/nakyssov.com\/de\/about\/","title":{"rendered":"\u00dcber uns"},"content":{"rendered":"<div data-aos-duration=\"1000\" data-aos-once=\"true\" data-aos=\"fade\" class=\"wp-block-media-text alignwide has-media-on-the-right is-stacked-on-mobile is-image-fill-element gutenify-section-fe522340-2e19-11e uag-hide-mobe-a38f-93fb84c84500 gtfy-34\" style=\"grid-template-columns:auto 34%\"><div class=\"wp-block-media-text__content\"> <h3 class=\"wp-block-heading alignwide has-text-align-center gutenify-section-380e4cc0-2e1b-11ee-990d-f33b24b02026 gtfy-1\"><strong>Willkommen bei Nakyssov Mediaproduktion!<\/strong><\/h3>    <p class=\"has-text-align-justify gutenify-section-380ec1f0-2e1b-11ee-990d-f33b24b02026 gtfy-2\">Mit \u00fcber einem Jahrzehnt Erfahrung sind wir ein Team leidenschaftlicher Kreativer, die in jedem Detail Sch\u00f6nheit entdecken. Als Fotografen, Filmemacher, Coloristen und Drohnenpiloten sind wir stolz darauf, visuell beeindruckende Inhalte zu liefern, die einen bleibenden Eindruck hinterlassen.<\/p>    <h5 class=\"wp-block-heading has-text-align-center gutenify-section-380f8540-2e1b-11ee-990d-f33b24b02026 gtfy-3\">Kunden \/ Kooperationen:<\/h5>    <div class=\"wp-block-group is-content-justification-center is-nowrap is-layout-flex wp-container-core-group-is-layout-23441af8 wp-block-group-is-layout-flex gtfy-32\"> <ul class=\"wp-block-list gtfy-17\"> <li class=\"gtfy-4 gutenify-list-item\">Redbull<\/li>    <li class=\"gtfy-5 gutenify-list-item\">DJI<\/li>    <li class=\"gtfy-6 gutenify-list-item\">GoPro<\/li>    <li class=\"gtfy-7 gutenify-list-item\">Bacardy<\/li>    <li class=\"gtfy-8 gutenify-list-item\">Hollyland<\/li>    <li class=\"gtfy-9 gutenify-list-item\">PGYTech<\/li>    <li class=\"gtfy-10 gutenify-list-item\">Freewell<\/li>    <li class=\"gtfy-11 gutenify-list-item\">Allea Austria<\/li>    <li class=\"gtfy-12 gutenify-list-item\">Sitius International<\/li>    <li class=\"gtfy-13 gutenify-list-item\">Zotter Schokolade<\/li>    <li class=\"gtfy-14 gutenify-list-item\">Saalfelden Jazzfestival<\/li>    <li class=\"gtfy-15 gutenify-list-item\">WRT Hollabrunn<\/li>    <li class=\"gtfy-16 gutenify-list-item\">D.s events e.U<\/li> <\/ul>    <ul class=\"wp-block-list gtfy-31\"> <li class=\"gtfy-18 gutenify-list-item\">KunstUniGraz<\/li>    <li class=\"gtfy-19 gutenify-list-item\">Opera Graz,<\/li>    <li class=\"gtfy-20 gutenify-list-item\">OEMSV<\/li>    <li class=\"gtfy-21 gutenify-list-item\">24hracing<\/li>    <li class=\"gtfy-22 gutenify-list-item\">The city of Graz<\/li>    <li class=\"gtfy-23 gutenify-list-item\">SilentDisco<\/li>    <li class=\"gtfy-24 gutenify-list-item\">LJSO Orchestra<\/li>    <li class=\"gtfy-25 gutenify-list-item\">Conrad<\/li>    <li class=\"gtfy-26 gutenify-list-item\">B&amp;C Gastronomie<\/li>    <li class=\"gtfy-27 gutenify-list-item\">Picks Studios<\/li>    <li class=\"gtfy-28 gutenify-list-item\">Aeroclub Austria<\/li>    <li class=\"gtfy-29 gutenify-list-item\">ORF<\/li>    <li class=\"gtfy-30 gutenify-list-item\">Tonic Eventmarketing GmbH<\/li> <\/ul> <\/div>    <p class=\"has-text-align-center gutenify-section-380f8540-2e1b-11ee-990d-f33b24b02026 gtfy-33\">Tourismusverband Saalfelden Leogang,<br>Johann-Joseph-Fux Konservatorium, Montan University Leoben, Graz Congress, Styrian Voices, NOW! Oper der Gegenwart, Young Academy Styria, ROMB\u2013 Verein, Modell Hubschrauber, GepRC, IFlight, JumperRC, MoscowSky Festival, ToolkitRC, Sub250, Flywoo, Radiomaster, Frsky, Graupner, Hawkeye und viele weitere.<\/p> <\/div><figure class=\"wp-block-media-text__media\"><img loading=\"lazy\" decoding=\"async\" width=\"768\" height=\"1024\" src=\"https:\/\/nakyssov.com\/wp-content\/uploads\/2023\/08\/DSC_3486-Edit-768x1024.jpg\" alt=\"\" class=\"wp-image-1171 size-full\" style=\"object-position:50% 26%\" srcset=\"https:\/\/nakyssov.com\/wp-content\/uploads\/2023\/08\/DSC_3486-Edit-768x1024.jpg 768w, https:\/\/nakyssov.com\/wp-content\/uploads\/2023\/08\/DSC_3486-Edit-225x300.jpg 225w, https:\/\/nakyssov.com\/wp-content\/uploads\/2023\/08\/DSC_3486-Edit-1152x1536.jpg 1152w, https:\/\/nakyssov.com\/wp-content\/uploads\/2023\/08\/DSC_3486-Edit-1536x2048.jpg 1536w, https:\/\/nakyssov.com\/wp-content\/uploads\/2023\/08\/DSC_3486-Edit-scaled.jpg 1920w\" sizes=\"auto, (max-width: 768px) 100vw, 768px\" \/><\/figure><\/div>    <div data-aos-duration=\"1000\" data-aos-once=\"true\" data-aos=\"fade\" class=\"wp-block-media-text alignwide is-stacked-on-mobile gutenify-section-41073490-2e1b-11ee-990d-f33b24b02026 gtfy-47\"><figure class=\"wp-block-media-text__media\"><img loading=\"lazy\" decoding=\"async\" width=\"576\" height=\"1024\" src=\"https:\/\/nakyssov.com\/wp-content\/uploads\/2023\/08\/DSC_3510-Edit-576x1024.jpg\" alt=\"\" class=\"wp-image-1168 size-full\"\/><\/figure><div class=\"wp-block-media-text__content\"> <p class=\"gtfy-37\">Unsere Expertise erstreckt sich \u00fcber eine Vielzahl von Projekten \u2013 von fesselnden Aftermovies und eindrucksvollen Dokumentationen bis hin zu professionellen Unternehmensvideos, unvergesslichen Events und herzergreifenden Hochzeiten. Keine Herausforderung ist zu gro\u00df f\u00fcr uns, denn wir beherrschen den Umgang mit allen Drohnentypen \u2013 von den kleinsten f\u00fcr Indoor-Fl\u00fcge bis hin zu schweren, kinoreifen Luftgiganten.<\/p>    <p class=\"has-text-align-justify gutenify-section-5255bf50-2e1b-11ee-990d-f33b24b02026 gtfy-38\">Bei Nakyssov MediaProduction ist unsere gr\u00f6\u00dfte St\u00e4rke die Leidenschaft f\u00fcr visuelles Storytelling. Wir stecken unser Herzblut in jedes Projekt, um sicherzustellen, dass das Endergebnis die Erwartungen \u00fcbertrifft und das Publikum auf einer tiefen Ebene ber\u00fchrt.<\/p>    <p class=\"has-text-align-justify gutenify-section-380fac50-2e1b-11ee-990d-f33b24b02026 gtfy-39\">Begleiten Sie uns auf dieser unglaublichen Reise der Kreativit\u00e4t und lassen Sie uns Ihre Visionen in faszinierende Realit\u00e4t verwandeln. Gemeinsam fangen wir die Essenz jedes Moments ein und hinterlassen wertvolle Erinnerungen, die die Zeit \u00fcberdauern. Lassen Sie uns etwas Au\u00dfergew\u00f6hnliches erschaffen \u2013 kontaktieren Sie uns noch heute f\u00fcr Ihr n\u00e4chstes visuelles Meisterwerk!<\/p>    <h4 class=\"wp-block-heading has-text-align-center gtfy-40\">Verwendete Ausr\u00fcstung:<\/h4>    <div class=\"wp-block-group is-horizontal is-content-justification-center is-layout-flex wp-container-core-group-is-layout-cb559863 wp-block-group-is-layout-flex gtfy-46\"> <div class=\"wp-block-group is-content-justification-space-between is-nowrap is-layout-flex wp-container-core-group-is-layout-cb46ffcb wp-block-group-is-layout-flex gtfy-45\"> <p class=\"has-text-align-center gtfy-41\">Sony<br>Blackmagic<br>Canon<br>Gopro<br>DJI<\/p>    <p class=\"has-text-align-center gtfy-42\">Sigma<br>Tamron<br>Laowa<br>Godox<br>Freewell<\/p>    <p class=\"has-text-align-center gtfy-43\">Manfrotto<br>Atomos<br>Hoya<br>Hollyland<br>PGYTech<\/p>    <p class=\"has-text-align-center gtfy-44\">Smallrig<br>Tilta<br>YCOnion<br>R\u00d8DE<br>Teradek<\/p> <\/div> <\/div> <\/div><\/div>    <p class=\"gtfy-50\"><\/p>","protected":false},"excerpt":{"rendered":"","protected":false},"author":1,"featured_media":40,"parent":0,"menu_order":0,"comment_status":"closed","ping_status":"closed","template":"page-2","meta":{"advanced_seo_description":"","jetpack_seo_html_title":"","jetpack_seo_noindex":false,"footnotes":""},"class_list":["post-366","page","type-page","status-publish","has-post-thumbnail","hentry"],"jetpack_sharing_enabled":true,"_links":{"self":[{"href":"https:\/\/nakyssov.com\/de\/wp-json\/wp\/v2\/pages\/366","targetHints":{"allow":["GET"]}}],"collection":[{"href":"https:\/\/nakyssov.com\/de\/wp-json\/wp\/v2\/pages"}],"about":[{"href":"https:\/\/nakyssov.com\/de\/wp-json\/wp\/v2\/types\/page"}],"author":[{"embeddable":true,"href":"https:\/\/nakyssov.com\/de\/wp-json\/wp\/v2\/users\/1"}],"replies":[{"embeddable":true,"href":"https:\/\/nakyssov.com\/de\/wp-json\/wp\/v2\/comments?post=366"}],"version-history":[{"count":4,"href":"https:\/\/nakyssov.com\/de\/wp-json\/wp\/v2\/pages\/366\/revisions"}],"predecessor-version":[{"id":1957,"href":"https:\/\/nakyssov.com\/de\/wp-json\/wp\/v2\/pages\/366\/revisions\/1957"}],"wp:featuredmedia":[{"embeddable":true,"href":"https:\/\/nakyssov.com\/de\/wp-json\/wp\/v2\/media\/40"}],"wp:attachment":[{"href":"https:\/\/nakyssov.com\/de\/wp-json\/wp\/v2\/media?parent=366"}],"curies":[{"name":"wp","href":"https:\/\/api.w.org\/{rel}","templated":true}]}}